{"id":5,"date":"2018-01-07T17:03:37","date_gmt":"2018-01-07T17:03:37","guid":{"rendered":"https:\/\/lmp.redeescolardeciencia.pt\/?page_id=5"},"modified":"2018-01-09T16:42:42","modified_gmt":"2018-01-09T16:42:42","slug":"home","status":"publish","type":"page","link":"https:\/\/lmp.redeescolardeciencia.pt\/","title":{"rendered":"Home"},"content":{"rendered":"<p>1) Realiza\u00e7\u00e3o de estudos sobre a forma e superf\u00edcie dos gr\u00e3os de quartzo (morfoscopia e morfometria) para determina\u00e7\u00e3o de caracter\u00edsticas sobre o meio de transporte;<\/p>\n<p>2) determina\u00e7\u00e3o da composi\u00e7\u00e3o mineral\u00f3gica da fra\u00e7\u00e3o areia;<\/p>\n<p>3) realiza\u00e7\u00e3o de estudos de microscopia petrogr\u00e1fica (an\u00e1lise de se\u00e7\u00f5es delgadas de rochas e montagens de gr\u00e3os).<\/p>\n<p>Obs.: os dados (inclusive registos fotogr\u00e1ficos) ser\u00e3o encaminhados para arquivo no Laborat\u00f3rio da Mem\u00f3ria.<\/p>\n","protected":false},"excerpt":{"rendered":"<p>1) Realiza\u00e7\u00e3o de estudos sobre a forma e superf\u00edcie dos gr\u00e3os de quartzo (morfoscopia e morfometria) para determina\u00e7\u00e3o de caracter\u00edsticas sobre o meio de transporte; [&hellip;]<\/p>\n","protected":false},"author":1,"featured_media":0,"parent":0,"menu_order":0,"comment_status":"closed","ping_status":"closed","template":"template-home.php","meta":{"footnotes":""},"class_list":["post-5","page","type-page","status-publish","hentry"],"_links":{"self":[{"href":"https:\/\/lmp.redeescolardeciencia.pt\/index.php?rest_route=\/wp\/v2\/pages\/5","targetHints":{"allow":["GET"]}}],"collection":[{"href":"https:\/\/lmp.redeescolardeciencia.pt\/index.php?rest_route=\/wp\/v2\/pages"}],"about":[{"href":"https:\/\/lmp.redeescolardeciencia.pt\/index.php?rest_route=\/wp\/v2\/types\/page"}],"author":[{"embeddable":true,"href":"https:\/\/lmp.redeescolardeciencia.pt\/index.php?rest_route=\/wp\/v2\/users\/1"}],"replies":[{"embeddable":true,"href":"https:\/\/lmp.redeescolardeciencia.pt\/index.php?rest_route=%2Fwp%2Fv2%2Fcomments&post=5"}],"version-history":[{"count":4,"href":"https:\/\/lmp.redeescolardeciencia.pt\/index.php?rest_route=\/wp\/v2\/pages\/5\/revisions"}],"predecessor-version":[{"id":24,"href":"https:\/\/lmp.redeescolardeciencia.pt\/index.php?rest_route=\/wp\/v2\/pages\/5\/revisions\/24"}],"wp:attachment":[{"href":"https:\/\/lmp.redeescolardeciencia.pt\/index.php?rest_route=%2Fwp%2Fv2%2Fmedia&parent=5"}],"curies":[{"name":"wp","href":"https:\/\/api.w.org\/{rel}","templated":true}]}}